{"id":370,"date":"2020-01-22T12:57:42","date_gmt":"2020-01-22T11:57:42","guid":{"rendered":"http:\/\/karoltech.pl\/blog\/?page_id=370"},"modified":"2020-01-22T13:22:18","modified_gmt":"2020-01-22T12:22:18","slug":"kontakt","status":"publish","type":"page","link":"http:\/\/karoltech.pl\/blog\/kontakt\/","title":{"rendered":"Kontakt"},"content":{"rendered":"\n<figure class=\"wp-block-table aligncenter\"><table class=\"\"><tbody><tr><td class=\"has-text-align-center\" data-align=\"center\"> Osoby zainteresowane tematyk\u0105 mojego bloga lub wsp\u00f3\u0142prac\u0105 zapraszam do kontaktu z g\u00f3ry jednak uprzedzam, <br \/>\u017ce z powodu ogromnej liczby maili i ograniczonego czasu nie mam ju\u017c mo\u017cliwo\u015bci odpowiada\u0107 na ka\u017cdy.<br \/><br \/>Wysy\u0142aj\u0105c do mnie maila z pytaniem pozwalasz mi tym samym na anonimowe zacytowanie jego tre\u015bci na moim <br \/>blogu \u2013 w ten spos\u00f3b pomog\u0119 nie tylko Tobie, ale te\u017c innym osob\u0105 z podobnym problemem.<br \/><br \/>mail: <a rel=\"noreferrer noopener\" aria-label=\"info@karoltech.pl (opens in a new tab)\" href=\"mailto:info@karoltech.pl\" target=\"_blank\">info@karoltech.pl<\/a><\/td><\/tr><\/tbody><\/table><\/figure>\n","protected":false},"excerpt":{"rendered":"<p>Osoby zainteresowane tematyk\u0105 mojego bloga lub wsp\u00f3\u0142prac\u0105 zapraszam do kontaktu z g\u00f3ry jednak uprzedzam, \u017ce z powodu ogromnej liczby maili i ograniczonego czasu nie mam ju\u017c mo\u017cliwo\u015bci odpowiada\u0107 na ka\u017cdy. Wysy\u0142aj\u0105c do mnie maila z pytaniem pozwalasz mi tym samym na anonimowe zacytowanie jego tre\u015bci na moim blogu \u2013 w ten spos\u00f3b pomog\u0119 nie tylko Tobie, ale te\u017c innym osob\u0105 z podobnym problemem. mail: info@karoltech.pl<\/p>\n","protected":false},"author":1,"featured_media":0,"parent":0,"menu_order":0,"comment_status":"closed","ping_status":"closed","template":"","meta":{"_monsterinsights_skip_tracking":false,"_monsterinsights_sitenote_active":false,"_monsterinsights_sitenote_note":"","_monsterinsights_sitenote_category":0,"jetpack_post_was_ever_published":false,"footnotes":""},"class_list":["post-370","page","type-page","status-publish","hentry"],"acf":[],"jetpack_sharing_enabled":true,"jetpack_shortlink":"https:\/\/wp.me\/P8mCmV-5Y","_links":{"self":[{"href":"http:\/\/karoltech.pl\/blog\/wp-json\/wp\/v2\/pages\/370","targetHints":{"allow":["GET"]}}],"collection":[{"href":"http:\/\/karoltech.pl\/blog\/wp-json\/wp\/v2\/pages"}],"about":[{"href":"http:\/\/karoltech.pl\/blog\/wp-json\/wp\/v2\/types\/page"}],"author":[{"embeddable":true,"href":"http:\/\/karoltech.pl\/blog\/wp-json\/wp\/v2\/users\/1"}],"replies":[{"embeddable":true,"href":"http:\/\/karoltech.pl\/blog\/wp-json\/wp\/v2\/comments?post=370"}],"version-history":[{"count":9,"href":"http:\/\/karoltech.pl\/blog\/wp-json\/wp\/v2\/pages\/370\/revisions"}],"predecessor-version":[{"id":608,"href":"http:\/\/karoltech.pl\/blog\/wp-json\/wp\/v2\/pages\/370\/revisions\/608"}],"wp:attachment":[{"href":"http:\/\/karoltech.pl\/blog\/wp-json\/wp\/v2\/media?parent=370"}],"curies":[{"name":"wp","href":"https:\/\/api.w.org\/{rel}","templated":true}]}}